{"id":265,"date":"2021-07-18T11:15:12","date_gmt":"2021-07-18T09:15:12","guid":{"rendered":"http:\/\/brinesorganicfruits.es\/blog\/"},"modified":"2025-10-26T10:22:34","modified_gmt":"2025-10-26T09:22:34","slug":"blog","status":"publish","type":"page","link":"https:\/\/brinesorganicfruits.com\/fr\/blog\/","title":{"rendered":"Blog"},"content":{"rendered":"\t\t<div data-elementor-type=\"wp-page\" data-elementor-id=\"265\" class=\"elementor elementor-265 elementor-21\" data-elementor-post-type=\"page\">\n\t\t\t\t<div class=\"elementor-element elementor-element-4f9ae91e e-flex e-con-boxed e-con e-parent\" data-id=\"4f9ae91e\" data-element_type=\"container\" data-e-type=\"container\">\n\t\t\t\t\t<div class=\"e-con-inner\">\n\t\t\t\t<div class=\"elementor-element elementor-element-11821f0c elementor-widget elementor-widget-heading\" data-id=\"11821f0c\" data-element_type=\"widget\" data-e-type=\"widget\" data-widget_type=\"heading.default\">\n\t\t\t\t\t<h1 class=\"elementor-heading-title elementor-size-default\">Blog<\/h1>\t\t\t\t<\/div>\n\t\t\t\t<div class=\"elementor-element elementor-element-55ff286c elementor-widget elementor-widget-text-editor\" data-id=\"55ff286c\" data-element_type=\"widget\" data-e-type=\"widget\" data-widget_type=\"text-editor.default\">\n\t\t\t\t\t\t\t\t\t<p>Articles sur l&rsquo;agriculture biologique<\/p>\t\t\t\t\t\t\t\t<\/div>\n\t\t\t\t\t<\/div>\n\t\t\t\t<\/div>\n\t\t<div class=\"elementor-element elementor-element-6e2918c e-flex e-con-boxed e-con e-parent\" data-id=\"6e2918c\" data-element_type=\"container\" data-e-type=\"container\">\n\t\t\t\t\t<div class=\"e-con-inner\">\n\t\t\t\t<div class=\"elementor-element elementor-element-8a3cb33 elementor-grid-2 elementor-grid-tablet-2 elementor-grid-mobile-1 elementor-posts--thumbnail-top elementor-widget elementor-widget-posts\" data-id=\"8a3cb33\" data-element_type=\"widget\" data-e-type=\"widget\" data-settings=\"{&quot;classic_columns&quot;:&quot;2&quot;,&quot;classic_columns_tablet&quot;:&quot;2&quot;,&quot;classic_columns_mobile&quot;:&quot;1&quot;,&quot;classic_row_gap&quot;:{&quot;unit&quot;:&quot;px&quot;,&quot;size&quot;:35,&quot;sizes&quot;:[]},&quot;classic_row_gap_tablet&quot;:{&quot;unit&quot;:&quot;px&quot;,&quot;size&quot;:&quot;&quot;,&quot;sizes&quot;:[]},&quot;classic_row_gap_mobile&quot;:{&quot;unit&quot;:&quot;px&quot;,&quot;size&quot;:&quot;&quot;,&quot;sizes&quot;:[]}}\" data-widget_type=\"posts.classic\">\n\t\t\t\t<div class=\"elementor-widget-container\">\n\t\t\t\t\t\t\t<div class=\"elementor-posts-container elementor-posts elementor-posts--skin-classic elementor-grid\" role=\"list\">\n\t\t\t\t<article class=\"elementor-post elementor-grid-item post-486 post type-post status-publish format-standard has-post-thumbnail hentry category-nouvelles\" role=\"listitem\">\n\t\t\t\t<a class=\"elementor-post__thumbnail__link\" href=\"https:\/\/brinesorganicfruits.com\/fr\/la-vall-de-la-valldigna\/\" tabindex=\"-1\" >\n\t\t\t<div class=\"elementor-post__thumbnail\"><img fetchpriority=\"high\" decoding=\"async\" width=\"1280\" height=\"852\" src=\"https:\/\/brinesorganicfruits.com\/wp-content\/uploads\/2021\/08\/blog2.jpg\" class=\"attachment-full size-full wp-image-488\" alt=\"\" srcset=\"https:\/\/brinesorganicfruits.com\/wp-content\/uploads\/2021\/08\/blog2.jpg 1280w, https:\/\/brinesorganicfruits.com\/wp-content\/uploads\/2021\/08\/blog2-600x399.jpg 600w, https:\/\/brinesorganicfruits.com\/wp-content\/uploads\/2021\/08\/blog2-300x200.jpg 300w, https:\/\/brinesorganicfruits.com\/wp-content\/uploads\/2021\/08\/blog2-1024x682.jpg 1024w, https:\/\/brinesorganicfruits.com\/wp-content\/uploads\/2021\/08\/blog2-768x511.jpg 768w\" sizes=\"(max-width: 1280px) 100vw, 1280px\" \/><\/div>\n\t\t<\/a>\n\t\t\t\t<div class=\"elementor-post__text\">\n\t\t\t\t<h3 class=\"elementor-post__title\">\n\t\t\t<a href=\"https:\/\/brinesorganicfruits.com\/fr\/la-vall-de-la-valldigna\/\" >\n\t\t\t\tLa Vall de la Valldigna\t\t\t<\/a>\n\t\t<\/h3>\n\t\t\t\t<div class=\"elementor-post__meta-data\">\n\t\t\t\t\t<span class=\"elementor-post-date\">\n\t\t\t3 ao\u00fbt 2021\t\t<\/span>\n\t\t\t\t<span class=\"elementor-post-avatar\">\n\t\t\tAucun commentaire\t\t<\/span>\n\t\t\t\t<\/div>\n\t\t\t\t<div class=\"elementor-post__excerpt\">\n\t\t\t<p>La Valldigna es una comarca natural situada al sureste de la provincia de Valencia y a la que pertenecen los municipios de Simat, Benifair\u00f3, Tavernes\t\t<\/div>\n\t\t\n\t\t<a class=\"elementor-post__read-more\" href=\"https:\/\/brinesorganicfruits.com\/fr\/la-vall-de-la-valldigna\/\" aria-label=\"En savoir plus sur La Vall de la Valldigna\" tabindex=\"-1\" >\n\t\t\tSavoir plus \u00bb\t\t<\/a>\n\n\t\t\t\t<\/div>\n\t\t\t\t<\/article>\n\t\t\t\t<article class=\"elementor-post elementor-grid-item post-271 post type-post status-publish format-standard has-post-thumbnail hentry category-nouvelles\" role=\"listitem\">\n\t\t\t\t<a class=\"elementor-post__thumbnail__link\" href=\"https:\/\/brinesorganicfruits.com\/fr\/agroecologie\/\" tabindex=\"-1\" >\n\t\t\t<div class=\"elementor-post__thumbnail\"><img decoding=\"async\" width=\"1024\" height=\"683\" src=\"https:\/\/brinesorganicfruits.com\/wp-content\/uploads\/2021\/08\/agroecologia.jpg\" class=\"attachment-full size-full wp-image-272\" alt=\"\" srcset=\"https:\/\/brinesorganicfruits.com\/wp-content\/uploads\/2021\/08\/agroecologia.jpg 1024w, https:\/\/brinesorganicfruits.com\/wp-content\/uploads\/2021\/08\/agroecologia-600x400.jpg 600w, https:\/\/brinesorganicfruits.com\/wp-content\/uploads\/2021\/08\/agroecologia-300x200.jpg 300w, https:\/\/brinesorganicfruits.com\/wp-content\/uploads\/2021\/08\/agroecologia-768x512.jpg 768w\" sizes=\"(max-width: 1024px) 100vw, 1024px\" \/><\/div>\n\t\t<\/a>\n\t\t\t\t<div class=\"elementor-post__text\">\n\t\t\t\t<h3 class=\"elementor-post__title\">\n\t\t\t<a href=\"https:\/\/brinesorganicfruits.com\/fr\/agroecologie\/\" >\n\t\t\t\tAgro\u00e9cologie\t\t\t<\/a>\n\t\t<\/h3>\n\t\t\t\t<div class=\"elementor-post__meta-data\">\n\t\t\t\t\t<span class=\"elementor-post-date\">\n\t\t\t2 ao\u00fbt 2021\t\t<\/span>\n\t\t\t\t<span class=\"elementor-post-avatar\">\n\t\t\tAucun commentaire\t\t<\/span>\n\t\t\t\t<\/div>\n\t\t\t\t<div class=\"elementor-post__excerpt\">\n\t\t\t<p>L&rsquo;agro\u00e9cologie repose sur l&rsquo;application des principes fondamentaux de l&rsquo;\u00e9cologie \u00e0 la conception et \u00e0 la gestion des syst\u00e8mes agraires afin d&rsquo;assurer leur durabilit\u00e9 \u00e0 long\t\t<\/div>\n\t\t\n\t\t<a class=\"elementor-post__read-more\" href=\"https:\/\/brinesorganicfruits.com\/fr\/agroecologie\/\" aria-label=\"En savoir plus sur Agro\u00e9cologie\" tabindex=\"-1\" >\n\t\t\tSavoir plus \u00bb\t\t<\/a>\n\n\t\t\t\t<\/div>\n\t\t\t\t<\/article>\n\t\t\t\t<article class=\"elementor-post elementor-grid-item post-284 post type-post status-publish format-standard has-post-thumbnail hentry category-nouvelles\" role=\"listitem\">\n\t\t\t\t<a class=\"elementor-post__thumbnail__link\" href=\"https:\/\/brinesorganicfruits.com\/fr\/agriculture-ecologique\/\" tabindex=\"-1\" >\n\t\t\t<div class=\"elementor-post__thumbnail\"><img decoding=\"async\" width=\"1024\" height=\"389\" src=\"https:\/\/brinesorganicfruits.com\/wp-content\/uploads\/2021\/08\/agricultura-eco-arbol.jpg\" class=\"attachment-full size-full wp-image-285\" alt=\"\" srcset=\"https:\/\/brinesorganicfruits.com\/wp-content\/uploads\/2021\/08\/agricultura-eco-arbol.jpg 1024w, https:\/\/brinesorganicfruits.com\/wp-content\/uploads\/2021\/08\/agricultura-eco-arbol-600x228.jpg 600w, https:\/\/brinesorganicfruits.com\/wp-content\/uploads\/2021\/08\/agricultura-eco-arbol-300x114.jpg 300w, https:\/\/brinesorganicfruits.com\/wp-content\/uploads\/2021\/08\/agricultura-eco-arbol-768x292.jpg 768w\" sizes=\"(max-width: 1024px) 100vw, 1024px\" \/><\/div>\n\t\t<\/a>\n\t\t\t\t<div class=\"elementor-post__text\">\n\t\t\t\t<h3 class=\"elementor-post__title\">\n\t\t\t<a href=\"https:\/\/brinesorganicfruits.com\/fr\/agriculture-ecologique\/\" >\n\t\t\t\tAgriculture \u00e9cologique\t\t\t<\/a>\n\t\t<\/h3>\n\t\t\t\t<div class=\"elementor-post__meta-data\">\n\t\t\t\t\t<span class=\"elementor-post-date\">\n\t\t\t1 ao\u00fbt 2021\t\t<\/span>\n\t\t\t\t<span class=\"elementor-post-avatar\">\n\t\t\tAucun commentaire\t\t<\/span>\n\t\t\t\t<\/div>\n\t\t\t\t<div class=\"elementor-post__excerpt\">\n\t\t\t<p>L\u2019agriculture \u00e9cologique, organique ou biologique (ces trois termes sont \u00e9quivalents et sont les seuls acceptables selon la l\u00e9gislation de l\u2019UE) est un syst\u00e8me de culture\t\t<\/div>\n\t\t\n\t\t<a class=\"elementor-post__read-more\" href=\"https:\/\/brinesorganicfruits.com\/fr\/agriculture-ecologique\/\" aria-label=\"En savoir plus sur Agriculture \u00e9cologique\" tabindex=\"-1\" >\n\t\t\tSavoir plus \u00bb\t\t<\/a>\n\n\t\t\t\t<\/div>\n\t\t\t\t<\/article>\n\t\t\t\t<\/div>\n\t\t\n\t\t\t\t\t\t<\/div>\n\t\t\t\t<\/div>\n\t\t\t\t\t<\/div>\n\t\t\t\t<\/div>\n\t\t\t\t<\/div>\n\t\t","protected":false},"excerpt":{"rendered":"<p>Blog Articles sur l&rsquo;agriculture biologique<\/p>\n","protected":false},"author":98,"featured_media":0,"parent":0,"menu_order":5,"comment_status":"closed","ping_status":"closed","template":"elementor_header_footer","meta":{"_acf_changed":false,"footnotes":""},"class_list":["post-265","page","type-page","status-publish","hentry"],"acf":[],"_links":{"self":[{"href":"https:\/\/brinesorganicfruits.com\/fr\/wp-json\/wp\/v2\/pages\/265","targetHints":{"allow":["GET"]}}],"collection":[{"href":"https:\/\/brinesorganicfruits.com\/fr\/wp-json\/wp\/v2\/pages"}],"about":[{"href":"https:\/\/brinesorganicfruits.com\/fr\/wp-json\/wp\/v2\/types\/page"}],"author":[{"embeddable":true,"href":"https:\/\/brinesorganicfruits.com\/fr\/wp-json\/wp\/v2\/users\/98"}],"replies":[{"embeddable":true,"href":"https:\/\/brinesorganicfruits.com\/fr\/wp-json\/wp\/v2\/comments?post=265"}],"version-history":[{"count":0,"href":"https:\/\/brinesorganicfruits.com\/fr\/wp-json\/wp\/v2\/pages\/265\/revisions"}],"wp:attachment":[{"href":"https:\/\/brinesorganicfruits.com\/fr\/wp-json\/wp\/v2\/media?parent=265"}],"curies":[{"name":"wp","href":"https:\/\/api.w.org\/{rel}","templated":true}]}}