{"id":165,"date":"2021-08-06T01:33:00","date_gmt":"2021-08-05T23:33:00","guid":{"rendered":"http:\/\/brinesorganicfruits.es\/condiciones\/"},"modified":"2025-10-26T10:01:32","modified_gmt":"2025-10-26T09:01:32","slug":"conditions","status":"publish","type":"page","link":"https:\/\/brinesorganicfruits.com\/fr\/conditions\/","title":{"rendered":"Conditions"},"content":{"rendered":"\t\t<div data-elementor-type=\"wp-page\" data-elementor-id=\"165\" class=\"elementor elementor-165 elementor-89\" data-elementor-post-type=\"page\">\n\t\t\t\t<div class=\"elementor-element elementor-element-1305d54b e-flex e-con-boxed e-con e-parent\" data-id=\"1305d54b\" data-element_type=\"container\" data-e-type=\"container\">\n\t\t\t\t\t<div class=\"e-con-inner\">\n\t\t\t\t<div class=\"elementor-element elementor-element-5e519a9 elementor-widget elementor-widget-heading\" data-id=\"5e519a9\" data-element_type=\"widget\" data-e-type=\"widget\" data-widget_type=\"heading.default\">\n\t\t\t\t\t<h1 class=\"elementor-heading-title elementor-size-default\">Conditions<\/h1>\t\t\t\t<\/div>\n\t\t\t\t<div class=\"elementor-element elementor-element-4d27d1bc elementor-widget elementor-widget-text-editor\" data-id=\"4d27d1bc\" data-element_type=\"widget\" data-e-type=\"widget\" data-widget_type=\"text-editor.default\">\n\t\t\t\t\t\t\t\t\t\n<p><strong>Les frais d\u2019envois sont inclus dans le prix annonc\u00e9s uniquement pour les envois \u00e0 destination de la p\u00e9ninsule ib\u00e9rique.<\/strong><\/p>\n\n\n\n<p>Pour toute autre destination, veuillez consulter les prix sur&nbsp; info@brinesorganicfruits.com. L\u2019envoi contre-remboursement comprend un co\u00fbt suppl\u00e9mentaire qui sera indiqu\u00e9 au moment d\u2019effectuer l\u2019envoi. <\/p>\n\n\n\n<p><strong>Les oranges seront cueillies sur l\u2019arbre le lendemain de votre commande<\/strong>, &nbsp;sauf pour les commandes pass\u00e9es le jeudi, le vendredi et le samedi. Dans ces cas-l\u00e0, les oranges seront cueillies le lundi suivant et exp\u00e9di\u00e9es imm\u00e9diatement.<\/p>\n\n\n\n<p>Si les conditions m\u00e9t\u00e9orologiques ne nous permettent pas de les cueillir le jour pr\u00e9vu (les oranges doivent \u00eatre s\u00e8ches pour une bonne conservation), nous cueillerons les oranges et les enverrons le prmier jour ouvrable o\u00f9 la m\u00e9t\u00e9orologie sera favorables. Nous vous informerons en cas de mauvais temps. <\/p>\n\n\n\n<p>Le service de transport de Brines Organic Fruits est un service de livraison en 24\/48 heures (jours ouvrables), il est cependant possible que des incidents ind\u00e9pendants de notre volont\u00e9 retardent la livraison. Nous ne pouvons pas \u00eatre tenus responsables de ces retards, mais nous veillerons en tout cas aux int\u00e9r\u00eats de nos clients et ferons pression sur le transporteur pour &nbsp;<strong>acc\u00e9l\u00e9rer les livraisons autant que possible.<\/strong><\/p>\n\n\n\n<p>Le transporteur aura acc\u00e8s aux informations relatives \u00e0 l\u2019adresse, au num\u00e9ro de t\u00e9l\u00e9phone et \u00e0 l\u2019adresse \u00e9lectronique du client, afin de pourvoir contacter le client et d\u00e9finir le jour et l\u2019heure de la livraison.<\/p>\n\n\n\n<p><strong>Si la caisse arrive en mauvais \u00e9tat en raison du transport<\/strong>, &nbsp;indiquez cela sur le bon de livraison, signez-le et retirez la livraison. Puis prenez des photos et envoyez-nous un courrier \u00e0 &nbsp;info@brinesorganicfruits.com en indiquant en objet dans la ligne d\u2019objet \u00ab R\u00e9clamation transport \u00bb. Le courrier auquel vous joindrez les photos doit d\u00e9crire bri\u00e8vement les d\u00e9faut constat\u00e9s et indiquer si vous souhaitez que nous vous envoyions une nouvelle commande ou que nous vous remboursions. <\/p>\n\n\n\n<p>Si pour&nbsp; <strong>une autre raison<\/strong> &nbsp;vous n&rsquo;aimez pas les oranges, contactez-nous et nous vous proposerons une solution.<\/p>\n\t\t\t\t\t\t\t\t<\/div>\n\t\t\t\t\t<\/div>\n\t\t\t\t<\/div>\n\t\t\t\t<\/div>\n\t\t","protected":false},"excerpt":{"rendered":"<p>Conditions Les frais d\u2019envois sont inclus dans le prix annonc\u00e9s uniquement pour les envois \u00e0 destination de la p\u00e9ninsule ib\u00e9rique. Pour toute autre destination, veuillez consulter les prix sur&nbsp; info@brinesorganicfruits.com. L\u2019envoi contre-remboursement comprend un co\u00fbt suppl\u00e9mentaire qui sera indiqu\u00e9 au moment d\u2019effectuer l\u2019envoi. Les oranges seront cueillies sur l\u2019arbre le lendemain de votre commande, &nbsp;sauf [&hellip;]<\/p>\n","protected":false},"author":98,"featured_media":0,"parent":0,"menu_order":11,"comment_status":"closed","ping_status":"closed","template":"elementor_header_footer","meta":{"_acf_changed":false,"footnotes":""},"class_list":["post-165","page","type-page","status-publish","hentry"],"acf":[],"_links":{"self":[{"href":"https:\/\/brinesorganicfruits.com\/fr\/wp-json\/wp\/v2\/pages\/165","targetHints":{"allow":["GET"]}}],"collection":[{"href":"https:\/\/brinesorganicfruits.com\/fr\/wp-json\/wp\/v2\/pages"}],"about":[{"href":"https:\/\/brinesorganicfruits.com\/fr\/wp-json\/wp\/v2\/types\/page"}],"author":[{"embeddable":true,"href":"https:\/\/brinesorganicfruits.com\/fr\/wp-json\/wp\/v2\/users\/98"}],"replies":[{"embeddable":true,"href":"https:\/\/brinesorganicfruits.com\/fr\/wp-json\/wp\/v2\/comments?post=165"}],"version-history":[{"count":0,"href":"https:\/\/brinesorganicfruits.com\/fr\/wp-json\/wp\/v2\/pages\/165\/revisions"}],"wp:attachment":[{"href":"https:\/\/brinesorganicfruits.com\/fr\/wp-json\/wp\/v2\/media?parent=165"}],"curies":[{"name":"wp","href":"https:\/\/api.w.org\/{rel}","templated":true}]}}